{"id":15,"date":"2010-08-22T19:51:03","date_gmt":"2010-08-22T19:51:03","guid":{"rendered":"http:\/\/klaus-peter-fritz.at\/wp3\/?page_id=15"},"modified":"2022-09-14T17:20:20","modified_gmt":"2022-09-14T17:20:20","slug":"mein-weg-zur-beratung","status":"publish","type":"page","link":"https:\/\/www.klaus-peter-fritz.at\/?page_id=15","title":{"rendered":"Mein Weg zur Beratung"},"content":{"rendered":"<p>&#8222;Man kann auf eine Art zuh\u00f6ren, die mehr wert ist als das Gef\u00e4lligste, was man sagen kann.&#8220; (Charles Joseph von Ligne) Als Lebens- und Sozialberater sehe ich meine Herausforderung im aktiven Zuh\u00f6ren und ehrlichen Antworten. Ich will den Menschen helfen, sich selbst zuzuh\u00f6ren. Und ich will nicht das sagen, was gef\u00e4llt, sondern gef\u00e4llig machen, was gesagt werden muss.<\/p>\n<p>Ob Arbeit, Gesundheit und Geld oder Ehe, Pers\u00f6nlichkeit und Sex, ob Ver\u00e4nderung und Konfliktmanagement in Privatleben und Beruf: im Mittelpunkt steht f\u00fcr mich der Mensch. Ich will Menschen helfen, ihre Probleme verstehen zu lernen, ihre eigenen Qualit\u00e4ten und Ressourcen zu entdecken und weiter zu entwickeln sowie Ziele zu formulieren, mit anderen zu koordinieren und zu erreichen.<\/p>\n<p>Zu mir kommen Menschen, die mit mir punktuelle Probleme, aber ebenso auch ihre ganze Lebensplanung besprechen k\u00f6nnen. Jede\/r von ihnen hat Anspruch auf Beratung, Betreuung und Begleitung in einer pers\u00f6nlichen Beziehung mit mir als Berater.<\/p>\n<p>Meine bisherige Qualifikation, Ausbildung und Erfahrung basiert auf einem \u00fcber sechs Semester gehenden Lehrgang f\u00fcr Lebens- und Sozialberatung am WIFI Salzburg sowie einer vierj\u00e4hrigen Ausbildung zum Dipl. Pastoralassistenen.<\/p>\n<p>Dazu kommen zwei Jahre fachliche T\u00e4tigkeit mit \u00fcber 1000 Beratungsstunden sowie jahrelange Erfahrung in einer Familien-Beratungsstelle sowie als Betreuer in einer sozialp\u00e4dagogischen Wohngemeinschaft.<\/p>\n<p>Schlie\u00dflich folgten 3 Semester des Hochschullehrganges f\u00fcr Supervision an der Universit\u00e4t Salzburg. Dabei geht es um die Reflexion und Bew\u00e4ltigung gr\u00f6\u00dferer betrieblicher Ver\u00e4nderungen, ebenso wie um die Erweiterung der pers\u00f6nlichen und fachlichen Kompetenz, Teamf\u00e4higkeit, Konfliktmanagement und Karriereplanung.<\/p>\n<p>Die Schwerpunkte meiner Beratungst\u00e4tigkeit liegen im Themenfeld von <strong>ARBEIT &amp; GESUNDHEIT<\/strong> und <strong>SUPERVISION<\/strong>.<\/p>\n<p>Ich lade Sie hiemit herzlich ein, die Probe aufs Exempel zu machen.<\/p>\n<p>Vereinbaren Sie einen Termin mit mir per Telefon unter 0670\/4044694 oder per E-Mail unter:\u00a0<a href=\"mailto:beratung@klaus-peter-fritz.at\"> beratung@klaus-peter-fritz.at.<\/a><\/p>\n","protected":false},"excerpt":{"rendered":"<p>&#8222;Man kann auf eine Art zuh\u00f6ren, die mehr wert ist als das Gef\u00e4lligste, was man sagen kann.&#8220; (Charles Joseph von Ligne) Als Lebens- und Sozialberater sehe ich meine Herausforderung im aktiven Zuh\u00f6ren und ehrlichen Antworten. Ich will den Menschen helfen, &hellip;<\/p>\n<p class=\"read-more\"> <a class=\"more-link\" href=\"https:\/\/www.klaus-peter-fritz.at\/?page_id=15\"> <span class=\"screen-reader-text\">Mein Weg zur Beratung<\/span> Weiterlesen &raquo;<\/a><\/p>\n","protected":false},"author":1,"featured_media":0,"parent":0,"menu_order":0,"comment_status":"closed","ping_status":"closed","template":"","meta":{"footnotes":""},"class_list":["post-15","page","type-page","status-publish","hentry"],"_links":{"self":[{"href":"https:\/\/www.klaus-peter-fritz.at\/index.php?rest_route=\/wp\/v2\/pages\/15","targetHints":{"allow":["GET"]}}],"collection":[{"href":"https:\/\/www.klaus-peter-fritz.at\/index.php?rest_route=\/wp\/v2\/pages"}],"about":[{"href":"https:\/\/www.klaus-peter-fritz.at\/index.php?rest_route=\/wp\/v2\/types\/page"}],"author":[{"embeddable":true,"href":"https:\/\/www.klaus-peter-fritz.at\/index.php?rest_route=\/wp\/v2\/users\/1"}],"replies":[{"embeddable":true,"href":"https:\/\/www.klaus-peter-fritz.at\/index.php?rest_route=%2Fwp%2Fv2%2Fcomments&post=15"}],"version-history":[{"count":6,"href":"https:\/\/www.klaus-peter-fritz.at\/index.php?rest_route=\/wp\/v2\/pages\/15\/revisions"}],"predecessor-version":[{"id":127,"href":"https:\/\/www.klaus-peter-fritz.at\/index.php?rest_route=\/wp\/v2\/pages\/15\/revisions\/127"}],"wp:attachment":[{"href":"https:\/\/www.klaus-peter-fritz.at\/index.php?rest_route=%2Fwp%2Fv2%2Fmedia&parent=15"}],"curies":[{"name":"wp","href":"https:\/\/api.w.org\/{rel}","templated":true}]}}